{"id":913,"date":"2015-07-03T09:29:56","date_gmt":"2015-07-03T12:29:56","guid":{"rendered":"http:\/\/www.res.crp.ufv.br\/?page_id=913"},"modified":"2025-09-29T09:24:54","modified_gmt":"2025-09-29T12:24:54","slug":"documentos-e-servicos","status":"publish","type":"page","link":"https:\/\/res.crp.ufv.br\/?page_id=913","title":{"rendered":"Formul\u00e1rios"},"content":{"rendered":"\r\n<p>Consulte o Calend\u00e1rio Escolar para se informar sobre prazos para abertura de processos.<\/p>\r\n\r\n\r\n\r\n<p>Consulte o Registro Escolar sobre os procedimentos para abertura de processo e documenta\u00e7\u00e3o comprobat\u00f3ria.<\/p>\r\n\r\n<p style=\"text-align: left;\" align=\"center\"><a href=\"https:\/\/res.crp.ufv.br\/wp-content\/uploads\/Afastamento-Campos-Editaveis-v20220506-FINAL.pdf\">Afastamento<\/a><\/p>\r\n<p style=\"text-align: left;\" align=\"center\"><a href=\"https:\/\/res.crp.ufv.br\/wp-content\/uploads\/Afastamento-Especial-Fora-de-Prazo-Campos-Editaveis-v20220506-FINAL.pdf\">Afastamento Especial Fora de Prazo<\/a><\/p>\r\n<p style=\"text-align: left;\" align=\"center\"><a href=\"https:\/\/res.crp.ufv.br\/wp-content\/uploads\/Aproveitamento-de-Disciplinas-Campos-Editaveis-v20220207-FINAL-1.pdf\">Aproveitamento\/Equival\u00eancia de disciplinas<\/a><\/p>\r\n<p style=\"text-align: left;\" align=\"center\"><a href=\"https:\/\/res.crp.ufv.br\/wp-content\/uploads\/Aproveitamento-de-Disciplinas-Revisao-Campos-Editaveis-v20220207-FINAL.pdf\">Aproveitamento de disciplinas &#8211; Revis\u00e3o<\/a><\/p>\r\n<p style=\"text-align: left;\" align=\"center\"><a href=\"https:\/\/res.crp.ufv.br\/wp-content\/uploads\/Aumento-do-Limite-de-Carga-horaria-para-Cursar-Disciplinas-Facultativas-Campos-Editaveis-v20220218-FINAL-B.pdf\">Aumento limite CH Facultativas<\/a><\/p>\r\n<p style=\"text-align: left;\" align=\"center\"><a href=\"https:\/\/res.crp.ufv.br\/wp-content\/uploads\/Cancelamento-de-Matricula-em-Disciplina-Campos-Editaveis-v20220623-FINAL.pdf\">Cancelamento de matr\u00edcula em disciplina Fora de Prazo<\/a><\/p>\r\n<p style=\"text-align: left;\" align=\"center\"><a href=\"https:\/\/res.crp.ufv.br\/wp-content\/uploads\/Antecipacao-da-Colacao-de-Grau-Campos-Editaveis-v20250703.pdf\">Cola\u00e7\u00e3o de Grau<\/a><\/p>\r\n<p style=\"text-align: left;\" align=\"center\"><a href=\"https:\/\/res.crp.ufv.br\/wp-content\/uploads\/Compensacao-de-Carga-Horaria-Campos-Editaveis-v20220207-FINAL.pdf\">Compensa\u00e7\u00e3o de carga hor\u00e1ria<\/a><\/p>\r\n<p style=\"text-align: left;\" align=\"center\"><a href=\"https:\/\/res.crp.ufv.br\/wp-content\/uploads\/Cursar-Disciplinas-em-Sistema-de-Correquisito-FORA-DE-PRAZO-Campos-Editaveis-v20220207-FINAL-1.pdf\">Cursar disciplinas em correquisito Fora de Prazo<\/a><\/p>\r\n<p style=\"text-align: left;\" align=\"center\"><a href=\"https:\/\/res.crp.ufv.br\/wp-content\/uploads\/Cursar-Disciplinas-em-Sistema-de-Correquisito-RECONSIDERACAO-Campos-Editaveis-v20220207-FINAL-1.pdf\">Cursar disciplinas em correquisito Reconsidera\u00e7\u00e3o<\/a><\/p>\r\n<p style=\"text-align: left;\" align=\"center\"><a href=\"https:\/\/res.crp.ufv.br\/wp-content\/uploads\/Cursar-Disciplinas-em-Sistema-de-Correquisito-RECURSO-Campos-Editaveis-v20220207-FINAL-1.pdf\">Cursar disciplinas em correquisito Recurso<\/a><\/p>\r\n<p style=\"text-align: left;\" align=\"center\"><a href=\"https:\/\/res.crp.ufv.br\/wp-content\/uploads\/Declaracao-de-Uso-NOME-SOCIAL-Campos-Editaveis-v20230318.pdf\">Declara\u00e7\u00e3o de Uso de Nome Social<\/a><\/p>\r\n<p style=\"text-align: left;\" align=\"center\"><a href=\"https:\/\/res.crp.ufv.br\/wp-content\/uploads\/Dilacao-de-Prazo-Campos-Editaveis-v20220207-FINAL.pdf\">Dila\u00e7\u00e3o de Prazo<\/a><\/p>\r\n<p style=\"text-align: left;\" align=\"center\"><a href=\"https:\/\/res.crp.ufv.br\/wp-content\/uploads\/Dispensa-de-Pre-ou-Correquisito-FORA-DE-PRAZO-Campos-Editaveis-v20220207-FINAL-3.pdf\">Dispensa de pre ou correquisito Fora de Prazo<\/a><\/p>\r\n<p style=\"text-align: left;\" align=\"center\"><a href=\"https:\/\/res.crp.ufv.br\/wp-content\/uploads\/Dispensa-de-Pre-ou-Correquisito-RECONSIDERACAO-Campos-Editaveis-v20220207-FINAL-2.pdf\">Dispensa de pre ou correquisito Reconsidera\u00e7\u00e3o<\/a><\/p>\r\n<p style=\"text-align: left;\" align=\"center\"><a href=\"https:\/\/res.crp.ufv.br\/wp-content\/uploads\/Dispensa-de-Pre-ou-Correquisito-RECURSO-Campos-Editaveis-v20220207-FINAL-2.pdf\">Dispensa de pre ou correquisito Recurso<\/a><\/p>\r\n<p style=\"text-align: left;\" align=\"center\"><a href=\"https:\/\/res.crp.ufv.br\/wp-content\/uploads\/Exame-Complementar-Antecipacao-ou-Fora-do-Prazo-Campos-Editaveis-v20220207-FINAL.pdf\">Exame complementar &#8211; Antecipa\u00e7\u00e3o ou Fora de Prazo<\/a><\/p>\r\n<p style=\"text-align: left;\" align=\"center\"><a href=\"https:\/\/res.crp.ufv.br\/wp-content\/uploads\/Exame-Complementar-Campos-Editaveis-v20220207-FINAL.pdf\">Exame complementar<\/a><\/p>\r\n<p style=\"text-align: left;\" align=\"center\"><a href=\"https:\/\/res.crp.ufv.br\/wp-content\/uploads\/Exame-de-Suficiencia-Campos-Editaveis-v20220204-1.pdf\">Exame de sufici\u00eancia<\/a><\/p>\r\n<p style=\"text-align: left;\" align=\"center\"><a href=\"https:\/\/res.crp.ufv.br\/wp-content\/uploads\/Exame-de-Suficiencia-Fora-de-Prazo-Campos-Editaveis-v20220204.pdf\">Exame de sufici\u00eancia Fora de Prazo<\/a><\/p>\r\n<p style=\"text-align: left;\" align=\"center\"><a href=\"https:\/\/res.crp.ufv.br\/wp-content\/uploads\/Guarda-Religiosa-Campos-Editaveis-v20220207-FINAL.pdf\">Guarda religiosa<\/a><\/p>\r\n<p style=\"text-align: left;\" align=\"center\"><a href=\"https:\/\/res.crp.ufv.br\/wp-content\/uploads\/Matricula-em-disciplina-da-pos-Campos-Editaveis-v20220207-FINAL-1.pdf\">Matr\u00edcula em disciplina da P\u00f3s<\/a><\/p>\r\n<p style=\"text-align: left;\" align=\"center\"><a href=\"https:\/\/res.crp.ufv.br\/wp-content\/uploads\/Matricula-em-Disciplina-Fora-do-Prazo-Campos-Editaveis-v20220207-FINAL.pdf\">Matr\u00edcula em disciplina Fora de Prazo<\/a><\/p>\r\n<p style=\"text-align: left;\" align=\"center\"><a href=\"https:\/\/res.crp.ufv.br\/wp-content\/uploads\/Mobilidade-Academica-Requerimento-de-inscricao-Campos-Editaveis-v20220215-FINAL.pdf\">Mobilidade Acad\u00eamica<\/a><\/p>\r\n<p style=\"text-align: left;\" align=\"center\"><a href=\"https:\/\/res.crp.ufv.br\/wp-content\/uploads\/Mobilidade-Academica-Requerimento-de-inscricao-outras-IES-Campos-Editaveis-v20220215-FINAL.pdf\">Mobilidade Acad\u00eamica &#8211; Externo<\/a><\/p>\r\n<p style=\"text-align: left;\" align=\"center\"><a href=\"https:\/\/res.crp.ufv.br\/wp-content\/uploads\/Mudanca-Retroagir-a-Catalogo-Anterior-Campos-Editaveis-v20220222.pdf\">Mudan\u00e7a Retroagir Cat\u00e1logo<\/a><\/p>\r\n<p style=\"text-align: left;\" align=\"center\"><a href=\"https:\/\/res.crp.ufv.br\/wp-content\/uploads\/Prorrogacao-de-Conceito-i-Campos-Editaveis-v20240816-FINAL-1.pdf\">Prorroga\u00e7\u00e3o de Conceito I<\/a><\/p>\r\n<p style=\"text-align: left;\" align=\"center\"><a href=\"https:\/\/res.crp.ufv.br\/wp-content\/uploads\/Reativacao-de-Matricula-Campos-Editaveis-v20220207-FINAL.pdf\">Reativa\u00e7\u00e3o de matr\u00edcula<\/a><\/p>\r\n<p style=\"text-align: left;\" align=\"center\"><a href=\"https:\/\/res.crp.ufv.br\/wp-content\/uploads\/Reativacao-de-Matricula-para-Possivel-Formando-Campos-Editaveis-v20220204-FINAL.pdf\">Reativa\u00e7\u00e3o de matr\u00edcula &#8211; poss\u00edvel formando<\/a><\/p>\r\n<p style=\"text-align: left;\" align=\"center\"><a href=\"https:\/\/res.crp.ufv.br\/wp-content\/uploads\/Reconhecimento-de-Disciplina-Facultativa-Campos-Editaveis-v20220207-FINAL.pdf\">Reconhecimento de disciplina facultativa<\/a><\/p>\r\n<p style=\"text-align: left;\" align=\"center\"><a href=\"https:\/\/res.crp.ufv.br\/wp-content\/uploads\/Reconsideracao-de-Desligamento-Campos-Editaveis-v20250703-FINAL.pdf\">Reconsidera\u00e7\u00e3o de desligamento<\/a><\/p>\r\n<p style=\"text-align: left;\" align=\"center\"><a href=\"https:\/\/res.crp.ufv.br\/wp-content\/uploads\/Reconsideracao-ou-Recurso-Campos-Editaveis-v20220208-FINAL.pdf\">Reconsidera\u00e7\u00e3o ou recurso<\/a><\/p>\r\n<p style=\"text-align: left;\" align=\"center\"><a href=\"https:\/\/res.crp.ufv.br\/wp-content\/uploads\/Rematricula-Campos-Editaveis-v20220506-FINAL.pdf\">Rematr\u00edcula<\/a><\/p>\r\n<p style=\"text-align: left;\" align=\"center\"><a href=\"https:\/\/res.crp.ufv.br\/wp-content\/uploads\/Rematricula-Fora-de-Prazo-Campos-Editaveis-v20220506-FINAL1.pdf\">Rematr\u00edcula Fora de Prazo<\/a><\/p>\r\n<p style=\"text-align: left;\" align=\"center\"><a href=\"https:\/\/res.crp.ufv.br\/wp-content\/uploads\/Requerimento-de-Emissao-de-Segunda-Via-de-Diploma-Campos-Editaveis-v20220210-FINAL.pdf\">Segunda via de Diploma<\/a><\/p>\r\n<p style=\"text-align: left;\" align=\"center\"><a href=\"https:\/\/res.crp.ufv.br\/wp-content\/uploads\/Revisao-de-Nota-Conceito-Campos-Editaveis-v20220204.pdf\">Revis\u00e3o de nota\/conceito<\/a><\/p>\r\n<p style=\"text-align: left;\" align=\"center\"><a href=\"https:\/\/res.crp.ufv.br\/wp-content\/uploads\/Trancamento-de-Matricula-Campos-Editaveis-v20220207-FINAL.pdf\">Trancamento de matr\u00edcula<\/a><\/p>\r\n<p style=\"text-align: left;\" align=\"center\"><a href=\"https:\/\/res.crp.ufv.br\/wp-content\/uploads\/Troca-de-Turma-Fora-do-Prazo-Campos-Editaveis-v20220207-FINAL.pdf\">Troca de turma Fora de Prazo<\/a><\/p>\r\n<p style=\"text-align: left;\"><strong>&gt;<a title=\"Informa\u00e7\u00f5es GRU\" href=\"http:\/\/www.res.ufv.br\/?page_id=885\" target=\"_blank\" rel=\"noopener\">Guia de Recolhimento da Uni\u00e3o (GRU)<\/a><\/strong><\/p>\r\n<p style=\"text-align: left;\"><strong><a href=\"http:\/\/www.res.ufv.br\/wp-content\/uploads\/Procura%C3%A7%C3%A3o.odt\">&gt; Modelo de Procura\u00e7\u00e3o Particular<\/a><\/strong><\/p>\r\n\r\n<p>&nbsp;<\/p>\r\n","protected":false},"excerpt":{"rendered":"<p>Consulte o Calend\u00e1rio Escolar para se informar sobre prazos para abertura de processos. Consulte o Registro Escolar sobre os procedimentos para abertura de processo e documenta\u00e7\u00e3o comprobat\u00f3ria. Afastamento Afastamento Especial Fora de Prazo Aproveitamento\/Equival\u00eancia de disciplinas Aproveitamento de disciplinas &#8211; Revis\u00e3o Aumento limite CH Facultativas Cancelamento de matr\u00edcula em disciplina Fora de Prazo Cola\u00e7\u00e3o de [&hellip;]<\/p>\n","protected":false},"author":1,"featured_media":0,"parent":0,"menu_order":0,"comment_status":"closed","ping_status":"open","template":"","meta":{"footnotes":""},"class_list":["post-913","page","type-page","status-publish","hentry"],"jetpack_sharing_enabled":true,"_links":{"self":[{"href":"https:\/\/res.crp.ufv.br\/index.php?rest_route=\/wp\/v2\/pages\/913","targetHints":{"allow":["GET"]}}],"collection":[{"href":"https:\/\/res.crp.ufv.br\/index.php?rest_route=\/wp\/v2\/pages"}],"about":[{"href":"https:\/\/res.crp.ufv.br\/index.php?rest_route=\/wp\/v2\/types\/page"}],"author":[{"embeddable":true,"href":"https:\/\/res.crp.ufv.br\/index.php?rest_route=\/wp\/v2\/users\/1"}],"replies":[{"embeddable":true,"href":"https:\/\/res.crp.ufv.br\/index.php?rest_route=%2Fwp%2Fv2%2Fcomments&post=913"}],"version-history":[{"count":36,"href":"https:\/\/res.crp.ufv.br\/index.php?rest_route=\/wp\/v2\/pages\/913\/revisions"}],"predecessor-version":[{"id":2513,"href":"https:\/\/res.crp.ufv.br\/index.php?rest_route=\/wp\/v2\/pages\/913\/revisions\/2513"}],"wp:attachment":[{"href":"https:\/\/res.crp.ufv.br\/index.php?rest_route=%2Fwp%2Fv2%2Fmedia&parent=913"}],"curies":[{"name":"wp","href":"https:\/\/api.w.org\/{rel}","templated":true}]}}