{"id":7,"date":"2013-01-15T18:32:52","date_gmt":"2013-01-15T18:32:52","guid":{"rendered":"http:\/\/localhost\/dsa\/?page_id=7"},"modified":"2025-03-27T15:44:17","modified_gmt":"2025-03-27T18:44:17","slug":"inicio","status":"publish","type":"page","link":"https:\/\/res.crp.ufv.br\/","title":{"rendered":"In\u00edcio"},"content":{"rendered":"<p><a href=\"https:\/\/www.catalogo.ufv.br\/index.php?campus=crp&amp;ano=2025\" rel=\"noopener noreferrer\"><img loading=\"lazy\" decoding=\"async\" class=\"alignnone wp-image-945\" style=\"font-style: normal;\" src=\"https:\/\/res.crp.ufv.br\/wp-content\/uploads\/catalogo-de-gradua\u00e7\u00e3o.png\" alt=\"\" width=\"250\" height=\"35\" \/><\/a> <a href=\"http:\/\/www.dti.ufv.br\/relatorioufv\/\" target=\"_blank\" rel=\"noopener noreferrer\"><img loading=\"lazy\" decoding=\"async\" class=\"alignnone wp-image-947\" style=\"font-style: normal;\" src=\"https:\/\/res.crp.ufv.br\/wp-content\/uploads\/Relat\u00f3rio-UFV.png\" alt=\"\" width=\"250\" height=\"35\" \/><\/a><\/p>\n<p><a href=\"https:\/\/soc.ufv.br\/wp-content\/uploads\/SEI_1589288_Resolucao_171.pdf\" target=\"_blank\" rel=\"noopener noreferrer\"><img loading=\"lazy\" decoding=\"async\" class=\"alignnone wp-image-946\" src=\"https:\/\/res.crp.ufv.br\/wp-content\/uploads\/regime-did\u00e1tico.png\" alt=\"\" width=\"250\" height=\"35\" \/><\/a> <a href=\"http:\/\/www.copad.ufv.br\/avaliacoesAndamento.php\" target=\"_blank\" rel=\"noopener noreferrer\"><img loading=\"lazy\" decoding=\"async\" class=\"alignnone wp-image-944\" src=\"https:\/\/res.crp.ufv.br\/wp-content\/uploads\/Avalia\u00e7\u00e3o-Disciplinas.png\" alt=\"\" width=\"250\" height=\"35\" \/><\/a><\/p>\n<p><a href=\"https:\/\/www2.dti.ufv.br\/conacweb\/scripts\/consultaPublicaDiplomasRegistradosNaUFV.php\" target=\"_blank\" rel=\"noopener noreferrer\"><img loading=\"lazy\" decoding=\"async\" class=\"alignnone wp-image-1727\" src=\"https:\/\/res.crp.ufv.br\/wp-content\/uploads\/Consultar-Diplomas-Registrados.png\" alt=\"\" width=\"250\" height=\"63\" \/><\/a> <a href=\"https:\/\/www2.dti.ufv.br\/conacweb\/scripts\/consultaPublicaEstudantesComVinculo.php\" target=\"_blank\" rel=\"noopener\"><img loading=\"lazy\" decoding=\"async\" class=\"alignnone wp-image-1728\" src=\"https:\/\/res.crp.ufv.br\/wp-content\/uploads\/Consultar-estudantes-com-v\u00ednculo-ativo-na-UFV.png\" alt=\"\" width=\"250\" height=\"63\" \/><\/a><\/p>\n<p><a href=\"https:\/\/www2.dti.ufv.br\/conacweb\/scripts\/consultaPublicaFormados.php\" target=\"_blank\" rel=\"noopener noreferrer\"><img loading=\"lazy\" decoding=\"async\" class=\"alignnone wp-image-1729\" src=\"https:\/\/res.crp.ufv.br\/wp-content\/uploads\/Consultar-estudantes-que-conclu\u00edram-o-curso-na-UFV.png\" alt=\"\" width=\"250\" height=\"63\" \/><\/a> <a href=\"https:\/\/res.ufv.br\/orientacoes-para-as-duvidas-mais-frequentes\/\" target=\"_blank\" rel=\"noopener\"><img loading=\"lazy\" decoding=\"async\" class=\"alignnone wp-image-2078\" src=\"https:\/\/res.crp.ufv.br\/wp-content\/uploads\/Bot\u00e3oOrienta\u00e7\u00f5esParaD\u00favidasMaisFrequentes.png\" alt=\"\" width=\"250\" height=\"63\" \/><\/a><\/p>\n<h3 style=\"text-align: left;\"><span style=\"color: #a52a2a;\"><strong>Informativos<\/strong><\/span><\/h3>\n<p style=\"text-align: left;\"><code><ul class=\"lcp_catlist\" id=\"lcp_instance_0\"><li><a href=\"https:\/\/res.crp.ufv.br\/?informativos=colacao-de-grau-especial-26-02-2026\">Cola\u00e7\u00e3o de Grau Especial &#8211; 26\/02\/2026<\/a><\/li><li><a href=\"https:\/\/res.crp.ufv.br\/?informativos=possiveis-formandos-2025-1\">Lista Final de Formandos 2025-2<\/a><\/li><li><a href=\"https:\/\/res.crp.ufv.br\/?informativos=2257\">MODELO DE DOCUMENTO PARA ALTERA\u00c7\u00c3O DOS HOR\u00c1RIOS DE AULAS<\/a><\/li><li><a href=\"https:\/\/res.crp.ufv.br\/?informativos=orientacoes-para-as-duvidas-mais-frequentes\">Orienta\u00e7\u00f5es para as D\u00favidas mais Frequentes<\/a><\/li><\/ul><\/code><\/p>\n","protected":false},"excerpt":{"rendered":"<p>Informativos<\/p>\n","protected":false},"author":1,"featured_media":0,"parent":0,"menu_order":0,"comment_status":"closed","ping_status":"closed","template":"no-title","meta":{"footnotes":""},"class_list":["post-7","page","type-page","status-publish","hentry"],"jetpack_sharing_enabled":true,"_links":{"self":[{"href":"https:\/\/res.crp.ufv.br\/index.php?rest_route=\/wp\/v2\/pages\/7","targetHints":{"allow":["GET"]}}],"collection":[{"href":"https:\/\/res.crp.ufv.br\/index.php?rest_route=\/wp\/v2\/pages"}],"about":[{"href":"https:\/\/res.crp.ufv.br\/index.php?rest_route=\/wp\/v2\/types\/page"}],"author":[{"embeddable":true,"href":"https:\/\/res.crp.ufv.br\/index.php?rest_route=\/wp\/v2\/users\/1"}],"replies":[{"embeddable":true,"href":"https:\/\/res.crp.ufv.br\/index.php?rest_route=%2Fwp%2Fv2%2Fcomments&post=7"}],"version-history":[{"count":155,"href":"https:\/\/res.crp.ufv.br\/index.php?rest_route=\/wp\/v2\/pages\/7\/revisions"}],"predecessor-version":[{"id":2454,"href":"https:\/\/res.crp.ufv.br\/index.php?rest_route=\/wp\/v2\/pages\/7\/revisions\/2454"}],"wp:attachment":[{"href":"https:\/\/res.crp.ufv.br\/index.php?rest_route=%2Fwp%2Fv2%2Fmedia&parent=7"}],"curies":[{"name":"wp","href":"https:\/\/api.w.org\/{rel}","templated":true}]}}